{"id":8637,"date":"2024-07-05T13:06:27","date_gmt":"2024-07-05T11:06:27","guid":{"rendered":"https:\/\/anthouard.fr\/?page_id=8637"},"modified":"2024-07-25T10:56:17","modified_gmt":"2024-07-25T08:56:17","slug":"politiquedeconfidentialite-anthouardcollection","status":"publish","type":"page","link":"https:\/\/anthouard.fr\/en\/anthouard\/politiquedeconfidentialite-anthouardcollection\/","title":{"rendered":"Politique de confidentialit\u00e9 &#8211; Anthouard Collection"},"content":{"rendered":"<div data-elementor-type=\"wp-page\" data-elementor-id=\"8637\" class=\"elementor elementor-8637\" data-elementor-post-type=\"page\">\n\t\t\t\t\t\t<section class=\"elementor-section elementor-top-section elementor-element elementor-element-151315ae elementor-section-boxed elementor-section-height-default elementor-section-height-default\" data-id=\"151315ae\" data-element_type=\"section\" data-e-type=\"section\">\n\t\t\t\t\t\t<div class=\"elementor-container elementor-column-gap-default\">\n\t\t\t\t\t<div class=\"elementor-column elementor-col-100 elementor-top-column elementor-element elementor-element-54aff3b3\" data-id=\"54aff3b3\" data-element_type=\"column\" data-e-type=\"column\">\n\t\t\t<div class=\"elementor-widget-wrap elementor-element-populated\">\n\t\t\t\t\t\t<div class=\"elementor-element elementor-element-23596741 elementor-widget elementor-widget-text-editor\" data-id=\"23596741\" data-element_type=\"widget\" data-e-type=\"widget\" data-widget_type=\"text-editor.default\">\n\t\t\t\t<div class=\"elementor-widget-container\">\n\t\t\t\t\t\t\t\t\t<p><b>&nbsp;POLITIQUE DE CONFIDENTIALITE ANTHOUARD COLLECTION<\/b><\/p>\n<p><b>Introduction<\/b><\/p>\n<p>Cette politique de confidentialit\u00e9 d\u00e9crit comment nous recueillons, utilisons et partageons les informations personnelles des clients qui visitent notre \u00e9tablissement. Nous respectons votre vie priv\u00e9e et nous nous engageons \u00e0 prot\u00e9ger vos donn\u00e9es personnelles.<\/p>\n<p><b>Collecte d&rsquo;informations<\/b><\/p>\n<p>Nous collectons des informations personnelles lorsque vous effectuez une r\u00e9servation ou communiquez avec nous par t\u00e9l\u00e9phone, e-mail ou via notre site web. Les informations que nous collectons peuvent inclure :<br>&#8211; Nom<br>&#8211; Adresse<br>&#8211; Num\u00e9ro de t\u00e9l\u00e9phone<br>&#8211; Adresse e-mail<br>&#8211; Informations de paiement<br>&#8211; Pr\u00e9f\u00e9rences alimentaires<br>&#8211; Autres informations pertinentes pour votre s\u00e9jour ou votre \u00e9v\u00e9nement.<\/p>\n<p><b>Utilisation d&rsquo;informations<\/b><\/p>\n<p>Nous utilisons vos informations personnelles pour :<br>&#8211; Traiter vos r\u00e9servations, commandes, demandes de renseignements ou de commentaires.<br>&#8211; Personnaliser votre exp\u00e9rience avec nous.<br>&#8211; Am\u00e9liorer nos services.<br>&#8211; Communiquer avec vous au sujet de votre s\u00e9jour ou de votre \u00e9v\u00e9nement.<\/p>\n<p><b>Partage d&rsquo;informations<\/b><\/p>\n<p>Nous ne vendons pas, ne louons pas et ne partageons pas vos informations personnelles avec des tiers \u00e0 des fins de marketing. Nous pouvons partager vos informations personnelles avec des prestataires de services tiers qui nous aident \u00e0 fournir des services \u00e0 nos clients, tels que :<br>&#8211; Services de paiement.<br>&#8211; Agences de voyage.<br>&#8211; Fournisseurs de services de marketing.<\/p>\n<p>Nous pouvons \u00e9galement divulguer vos informations personnelles si la loi l&rsquo;exige ou si cela est n\u00e9cessaire pour prot\u00e9ger nos droits, nos biens ou notre s\u00e9curit\u00e9.<\/p>\n<p><span style=\"font-style: inherit; font-family: var( --e-global-typography-text-font-family ), Sans-serif;\"><b>Protection de vos informations<\/b><\/span><\/p>\n<p>Nous prenons des mesures pour prot\u00e9ger vos informations personnelles contre :<br>&#8211; La perte.<br>&#8211; L&rsquo;utilisation abusive.<br>&#8211; L&rsquo;acc\u00e8s non autoris\u00e9.<br>&#8211; La divulgation.<br>&#8211; L&rsquo;alt\u00e9ration.<br>&#8211; La destruction.<\/p>\n<p>Nous utilisons des technologies de s\u00e9curit\u00e9 pour prot\u00e9ger vos informations personnelles et nos employ\u00e9s sont form\u00e9s \u00e0 la confidentialit\u00e9 et \u00e0 la s\u00e9curit\u00e9 des donn\u00e9es.<\/p>\n<p><b>Vos choix<\/b><\/p>\n<p>Vous pouvez choisir de ne pas fournir certaines informations personnelles, mais cela peut limiter votre capacit\u00e9 \u00e0 utiliser certains de nos services. Vous pouvez \u00e9galement choisir de ne pas recevoir de communications marketing de notre part en nous contactant directement.<\/p>\n<p><b>Mise \u00e0 jour de notre politique de confidentialit\u00e9<\/b><\/p>\n<p>Nous pouvons mettre \u00e0 jour cette politique de confidentialit\u00e9 de temps en temps. La derni\u00e8re version de cette politique sera toujours disponible sur notre site web. Nous vous encourageons \u00e0 consulter r\u00e9guli\u00e8rement notre politique de confidentialit\u00e9 pour \u00eatre inform\u00e9 de tout changement.<\/p>\n<p><b>Contact Us<\/b><\/p>\n<p>Si vous avez des questions ou des pr\u00e9occupations concernant notre politique de confidentialit\u00e9, veuillez nous contacter \u00e0 l&rsquo;adresse suivante :<br>&#8211; E-mail : maison@anthouard.fr<br>&#8211; E-mail : salons@anthouard.fr<\/p>\n<p><b>Date d&rsquo;entr\u00e9e en vigueur : Avril 2023<\/b><\/p>\t\t\t\t\t\t\t\t<\/div>\n\t\t\t\t<\/div>\n\t\t\t\t\t<\/div>\n\t\t<\/div>\n\t\t\t\t\t<\/div>\n\t\t<\/section>\n\t\t\t\t<\/div>","protected":false},"excerpt":{"rendered":"<p>&nbsp;POLITIQUE DE CONFIDENTIALITE ANTHOUARD COLLECTION Introduction Cette politique de confidentialit\u00e9 d\u00e9crit comment nous recueillons, utilisons et partageons les informations personnelles des clients qui visitent notre \u00e9tablissement. Nous respectons votre vie priv\u00e9e et nous nous engageons \u00e0 prot\u00e9ger vos donn\u00e9es personnelles. Collecte d&rsquo;informations Nous collectons des informations personnelles lorsque vous effectuez une r\u00e9servation ou communiquez avec [&hellip;]<\/p>\n","protected":false},"author":3,"featured_media":0,"parent":17,"menu_order":0,"comment_status":"closed","ping_status":"closed","template":"","meta":{"_seopress_robots_primary_cat":"","_seopress_titles_title":"Politique de confidentialit\u00e9 - Anthouard Collection","_seopress_titles_desc":"Cette politique de confidentialit\u00e9 d\u00e9crit comment nous recueillons, utilisons et partageons les informations personnelles des clients qui visitent notre \u00e9tablissement.","_seopress_robots_index":"","site-sidebar-layout":"default","site-content-layout":"","ast-site-content-layout":"default","site-content-style":"default","site-sidebar-style":"default","ast-global-header-display":"","ast-banner-title-visibility":"","ast-main-header-display":"","ast-hfb-above-header-display":"","ast-hfb-below-header-display":"","ast-hfb-mobile-header-display":"","site-post-title":"","ast-breadcrumbs-content":"","ast-featured-img":"","footer-sml-layout":"","ast-disable-related-posts":"","theme-transparent-header-meta":"","adv-header-id-meta":"","stick-header-meta":"","header-above-stick-meta":"","header-main-stick-meta":"","header-below-stick-meta":"","astra-migrate-meta-layouts":"set","ast-page-background-enabled":"default","ast-page-background-meta":{"desktop":{"background-color":"var(--ast-global-color-4)","background-image":"","background-repeat":"repeat","background-position":"center center","background-size":"auto","background-attachment":"scroll","background-type":"","background-media":"","overlay-type":"","overlay-color":"","overlay-opacity":"","overlay-gradient":""},"tablet":{"background-color":"","background-image":"","background-repeat":"repeat","background-position":"center center","background-size":"auto","background-attachment":"scroll","background-type":"","background-media":"","overlay-type":"","overlay-color":"","overlay-opacity":"","overlay-gradient":""},"mobile":{"background-color":"","background-image":"","background-repeat":"repeat","background-position":"center center","background-size":"auto","background-attachment":"scroll","background-type":"","background-media":"","overlay-type":"","overlay-color":"","overlay-opacity":"","overlay-gradient":""}},"ast-content-background-meta":{"desktop":{"background-color":"var(--ast-global-color-5)","background-image":"","background-repeat":"repeat","background-position":"center center","background-size":"auto","background-attachment":"scroll","background-type":"","background-media":"","overlay-type":"","overlay-color":"","overlay-opacity":"","overlay-gradient":""},"tablet":{"background-color":"var(--ast-global-color-5)","background-image":"","background-repeat":"repeat","background-position":"center center","background-size":"auto","background-attachment":"scroll","background-type":"","background-media":"","overlay-type":"","overlay-color":"","overlay-opacity":"","overlay-gradient":""},"mobile":{"background-color":"var(--ast-global-color-5)","background-image":"","background-repeat":"repeat","background-position":"center center","background-size":"auto","background-attachment":"scroll","background-type":"","background-media":"","overlay-type":"","overlay-color":"","overlay-opacity":"","overlay-gradient":""}},"footnotes":""},"class_list":["post-8637","page","type-page","status-publish","hentry"],"_links":{"self":[{"href":"https:\/\/anthouard.fr\/en\/wp-json\/wp\/v2\/pages\/8637","targetHints":{"allow":["GET"]}}],"collection":[{"href":"https:\/\/anthouard.fr\/en\/wp-json\/wp\/v2\/pages"}],"about":[{"href":"https:\/\/anthouard.fr\/en\/wp-json\/wp\/v2\/types\/page"}],"author":[{"embeddable":true,"href":"https:\/\/anthouard.fr\/en\/wp-json\/wp\/v2\/users\/3"}],"replies":[{"embeddable":true,"href":"https:\/\/anthouard.fr\/en\/wp-json\/wp\/v2\/comments?post=8637"}],"version-history":[{"count":0,"href":"https:\/\/anthouard.fr\/en\/wp-json\/wp\/v2\/pages\/8637\/revisions"}],"up":[{"embeddable":true,"href":"https:\/\/anthouard.fr\/en\/wp-json\/wp\/v2\/pages\/17"}],"wp:attachment":[{"href":"https:\/\/anthouard.fr\/en\/wp-json\/wp\/v2\/media?parent=8637"}],"curies":[{"name":"wp","href":"https:\/\/api.w.org\/{rel}","templated":true}]}}