{"id":17,"date":"2022-10-04T16:04:37","date_gmt":"2022-10-04T14:04:37","guid":{"rendered":"https:\/\/anthouard.fr\/?page_id=17"},"modified":"2025-02-28T09:19:35","modified_gmt":"2025-02-28T08:19:35","slug":"anthouard","status":"publish","type":"page","link":"https:\/\/anthouard.fr\/en\/","title":{"rendered":"Anthouard Collection"},"content":{"rendered":"<div data-elementor-type=\"wp-page\" data-elementor-id=\"17\" class=\"elementor elementor-17\" data-elementor-post-type=\"page\">\n\t\t\t\t\t\t<section class=\"elementor-section elementor-top-section elementor-element elementor-element-2155e1a elementor-section-full_width elementor-section-height-default elementor-section-height-default elementor-invisible\" data-id=\"2155e1a\" data-element_type=\"section\" data-e-type=\"section\" data-settings=\"{&quot;background_background&quot;:&quot;video&quot;,&quot;background_video_link&quot;:&quot;https:\\\/\\\/anthouard.fr\\\/wp-content\\\/uploads\\\/2025\\\/02\\\/02172.mp4&quot;,&quot;background_play_on_mobile&quot;:&quot;yes&quot;,&quot;animation&quot;:&quot;fadeIn&quot;,&quot;background_video_start&quot;:0,&quot;background_video_end&quot;:120}\">\n\t\t\t\t\t\t\t\t<div class=\"elementor-background-video-container\">\n\t\t\t\t\t\t\t\t\t\t\t\t\t<video class=\"elementor-background-video-hosted\" role=\"presentation\" autoplay muted playsinline loop><\/video>\n\t\t\t\t\t\t\t\t\t\t\t<\/div>\n\t\t\t\t\t\t\t\t\t<div class=\"elementor-background-overlay\"><\/div>\n\t\t\t\t\t\t\t<div class=\"elementor-container elementor-column-gap-default\">\n\t\t\t\t\t<div class=\"elementor-column elementor-col-100 elementor-top-column elementor-element elementor-element-12a1b05\" data-id=\"12a1b05\" data-element_type=\"column\" data-e-type=\"column\">\n\t\t\t<div class=\"elementor-widget-wrap elementor-element-populated\">\n\t\t\t\t\t\t<div class=\"elementor-element elementor-element-fcf4651 elementor-widget elementor-widget-spacer\" data-id=\"fcf4651\" data-element_type=\"widget\" data-e-type=\"widget\" data-widget_type=\"spacer.default\">\n\t\t\t\t<div class=\"elementor-widget-container\">\n\t\t\t\t\t\t\t<div class=\"elementor-spacer\">\n\t\t\t<div class=\"elementor-spacer-inner\"><\/div>\n\t\t<\/div>\n\t\t\t\t\t\t<\/div>\n\t\t\t\t<\/div>\n\t\t\t\t<div class=\"elementor-element elementor-element-5747d22 elementor-invisible elementor-widget elementor-widget-heading\" data-id=\"5747d22\" data-element_type=\"widget\" data-e-type=\"widget\" data-settings=\"{&quot;_animation&quot;:&quot;fadeInLeft&quot;}\" data-widget_type=\"heading.default\">\n\t\t\t\t<div class=\"elementor-widget-container\">\n\t\t\t\t\t<h1 class=\"elementor-heading-title elementor-size-default translation-block\"><b>ANTHOUARD<\/b> COLLECTION:\n<i>Hospitality, Dining, and Events in Lyon and the Mountains<\/i><\/h1>\t\t\t\t<\/div>\n\t\t\t\t<\/div>\n\t\t\t\t<div class=\"elementor-element elementor-element-160743c elementor-widget elementor-widget-spacer\" data-id=\"160743c\" data-element_type=\"widget\" data-e-type=\"widget\" data-widget_type=\"spacer.default\">\n\t\t\t\t<div class=\"elementor-widget-container\">\n\t\t\t\t\t\t\t<div class=\"elementor-spacer\">\n\t\t\t<div class=\"elementor-spacer-inner\"><\/div>\n\t\t<\/div>\n\t\t\t\t\t\t<\/div>\n\t\t\t\t<\/div>\n\t\t\t\t\t<\/div>\n\t\t<\/div>\n\t\t\t\t\t<\/div>\n\t\t<\/section>\n\t\t\t\t<section class=\"elementor-section elementor-top-section elementor-element elementor-element-eee540a elementor-section-boxed elementor-section-height-default elementor-section-height-default\" data-id=\"eee540a\" data-element_type=\"section\" data-e-type=\"section\" data-settings=\"{&quot;background_background&quot;:&quot;classic&quot;}\">\n\t\t\t\t\t\t\t<div class=\"elementor-background-overlay\"><\/div>\n\t\t\t\t\t\t\t<div class=\"elementor-container elementor-column-gap-default\">\n\t\t\t\t\t<div class=\"elementor-column elementor-col-50 elementor-top-column elementor-element elementor-element-bbbf566\" data-id=\"bbbf566\" data-element_type=\"column\" data-e-type=\"column\">\n\t\t\t<div class=\"elementor-widget-wrap elementor-element-populated\">\n\t\t\t\t\t\t<div class=\"elementor-element elementor-element-bc7b36d elementor-absolute elementor-hidden-mobile elementor-widget elementor-widget-image\" data-id=\"bc7b36d\" data-element_type=\"widget\" data-e-type=\"widget\" data-settings=\"{&quot;_position&quot;:&quot;absolute&quot;}\" data-widget_type=\"image.default\">\n\t\t\t\t<div class=\"elementor-widget-container\">\n\t\t\t\t\t\t\t\t\t\t\t\t\t\t\t<img decoding=\"async\" width=\"291\" height=\"77\" src=\"https:\/\/anthouard.fr\/wp-content\/uploads\/2022\/10\/Groupe-14.svg\" class=\"attachment-large size-large wp-image-51\" alt=\"Logo noir svg - anthouard collection\" \/>\t\t\t\t\t\t\t\t\t\t\t\t\t\t\t<\/div>\n\t\t\t\t<\/div>\n\t\t\t\t\t<\/div>\n\t\t<\/div>\n\t\t\t\t<div class=\"elementor-column elementor-col-50 elementor-top-column elementor-element elementor-element-65f5e26\" data-id=\"65f5e26\" data-element_type=\"column\" data-e-type=\"column\">\n\t\t\t<div class=\"elementor-widget-wrap elementor-element-populated\">\n\t\t\t\t\t\t<div class=\"elementor-element elementor-element-6b65270 elementor-widget elementor-widget-spacer\" data-id=\"6b65270\" data-element_type=\"widget\" data-e-type=\"widget\" data-widget_type=\"spacer.default\">\n\t\t\t\t<div class=\"elementor-widget-container\">\n\t\t\t\t\t\t\t<div class=\"elementor-spacer\">\n\t\t\t<div class=\"elementor-spacer-inner\"><\/div>\n\t\t<\/div>\n\t\t\t\t\t\t<\/div>\n\t\t\t\t<\/div>\n\t\t\t\t<div class=\"elementor-element elementor-element-bed47ca elementor-widget elementor-widget-heading\" data-id=\"bed47ca\" data-element_type=\"widget\" data-e-type=\"widget\" data-widget_type=\"heading.default\">\n\t\t\t\t<div class=\"elementor-widget-container\">\n\t\t\t\t\t<h3 class=\"elementor-heading-title elementor-size-default\">Woo are We<\/h3>\t\t\t\t<\/div>\n\t\t\t\t<\/div>\n\t\t\t\t<div class=\"elementor-element elementor-element-d976ccc elementor-widget-divider--view-line elementor-widget elementor-widget-divider\" data-id=\"d976ccc\" data-element_type=\"widget\" data-e-type=\"widget\" data-widget_type=\"divider.default\">\n\t\t\t\t<div class=\"elementor-widget-container\">\n\t\t\t\t\t\t\t<div class=\"elementor-divider\">\n\t\t\t<span class=\"elementor-divider-separator\">\n\t\t\t\t\t\t<\/span>\n\t\t<\/div>\n\t\t\t\t\t\t<\/div>\n\t\t\t\t<\/div>\n\t\t\t\t<div class=\"elementor-element elementor-element-c083082 elementor-widget elementor-widget-text-editor\" data-id=\"c083082\" data-element_type=\"widget\" data-e-type=\"widget\" data-widget_type=\"text-editor.default\">\n\t\t\t\t<div class=\"elementor-widget-container\">\n\t\t\t\t\t\t\t\t\t<p class=\"translation-block\">Welcome to <strong>ANTHOUARD<\/strong> COLLECTION.<\/p><p>We offer tailor-made experiences in three unique establishments.<\/p><p class=\"translation-block\"><span style=\"text-decoration: underline\"><span style=\"color: #000000\"><a style=\"color: #000000;text-decoration: underline\" href=\"https:\/\/anthouard.fr\/en\/maisondanthouard-hotel\/\" target=\"_self\">La Maison d\u2019<strong data-start=\"190\" data-end=\"212\">ANTHOUARD<\/strong><\/a><\/span><\/span> in Ecully is a refined <strong data-start=\"229\" data-end=\"247\">boutique hotel<\/strong> with 16 rooms, complemented by a <strong data-start=\"288\" data-end=\"302\">restaurant<\/strong> and <strong data-start=\"310\" data-end=\"333\">seminar rooms<\/strong>, making it an ideal choice for both business and private stays.<\/p><p class=\"translation-block\"><span style=\"text-decoration: underline\"><span style=\"color: #000000;text-decoration: underline\"><a style=\"color: #000000;text-decoration: underline\" href=\"https:\/\/anthouard.fr\/en\/salonsdanthouard-a-propos\/\" target=\"_self\">Les Salons d\u2019<\/a><\/span><\/span><strong data-start=\"384\" data-end=\"410\"><span style=\"text-decoration: underline\">A<span style=\"color: #000000\"><a style=\"color: #000000;text-decoration: underline\" href=\"https:\/\/anthouard.fr\/en\/salonsdanthouard-a-propos\/\" target=\"_self\">NTHOUARD<\/a><\/span><\/span>,<\/strong> located in Lyon 7, are a space dedicated to <strong data-start=\"454\" data-end=\"468\">events<\/strong> of all kinds, offering an elegant setting for your receptions.<\/p><p class=\"translation-block\">Finally, discover the <span style=\"text-decoration: underline\"><span style=\"color: #000000\"><a style=\"color: #000000;text-decoration: underline\" href=\"https:\/\/anthouard.fr\/en\/chaletsdanthouard-locationsaisonniere\/\" target=\"_self\">Chalets d\u2019<strong data-start=\"544\" data-end=\"567\">ANTHOUARD<\/strong><\/a><\/span><\/span> in Crest-Voland. These high-end chalets are available for rent, perfect for <strong data-start=\"646\" data-end=\"658\">holidays<\/strong> with family or friends, as well as for mountain seminars.<\/p><p class=\"translation-block\">Each location combines <strong data-start=\"748\" data-end=\"759\">comfort<\/strong>, <strong data-start=\"761\" data-end=\"777\">authenticity<\/strong>, and <strong data-start=\"784\" data-end=\"808\">personalized service<\/strong>, ensuring that every moment spent with us is truly memorable.<\/p>\t\t\t\t\t\t\t\t<\/div>\n\t\t\t\t<\/div>\n\t\t\t\t\t<\/div>\n\t\t<\/div>\n\t\t\t\t\t<\/div>\n\t\t<\/section>\n\t\t\t\t<section class=\"elementor-section elementor-top-section elementor-element elementor-element-1555ed3 elementor-section-boxed elementor-section-height-default elementor-section-height-default\" data-id=\"1555ed3\" data-element_type=\"section\" data-e-type=\"section\">\n\t\t\t\t\t\t<div class=\"elementor-container elementor-column-gap-default\">\n\t\t\t\t\t<div class=\"elementor-column elementor-col-100 elementor-top-column elementor-element elementor-element-3cc0577\" data-id=\"3cc0577\" data-element_type=\"column\" data-e-type=\"column\">\n\t\t\t<div class=\"elementor-widget-wrap elementor-element-populated\">\n\t\t\t\t\t\t<div class=\"elementor-element elementor-element-2d6cfdb elementor-widget elementor-widget-spacer\" data-id=\"2d6cfdb\" data-element_type=\"widget\" data-e-type=\"widget\" data-widget_type=\"spacer.default\">\n\t\t\t\t<div class=\"elementor-widget-container\">\n\t\t\t\t\t\t\t<div class=\"elementor-spacer\">\n\t\t\t<div class=\"elementor-spacer-inner\"><\/div>\n\t\t<\/div>\n\t\t\t\t\t\t<\/div>\n\t\t\t\t<\/div>\n\t\t\t\t\t<\/div>\n\t\t<\/div>\n\t\t\t\t\t<\/div>\n\t\t<\/section>\n\t\t\t\t<\/div>","protected":false},"excerpt":{"rendered":"<p>ANTHOUARD COLLECTION :H\u00f4tellerie, Restauration et \u00c9v\u00e9nements \u00e0 Lyon et en Montagne qui sommes nous Bienvenue chez ANTHOUARD COLLECTION. Nous vous proposons des exp\u00e9riences sur mesure dans trois \u00e9tablissements uniques. La Maison d\u2019ANTHOUARD \u00e0 Ecully est un boutique-h\u00f4tel raffin\u00e9 de 16 chambres, compl\u00e9t\u00e9 par un restaurant et des salles de s\u00e9minaire, id\u00e9al pour vos s\u00e9jours professionnels [&hellip;]<\/p>\n","protected":false},"author":3,"featured_media":11362,"parent":0,"menu_order":0,"comment_status":"closed","ping_status":"closed","template":"","meta":{"_seopress_robots_primary_cat":"","_seopress_titles_title":"Anthouard Collection - H\u00f4tellerie, Restauration, \u00c9v\u00e9nementiel et Location","_seopress_titles_desc":"Anthouard Collection votre prestataire H\u00f4tellerie, Restauration et \u00c9v\u00e9nementiel professionnels et priv\u00e9s \u00e0 Lyon. D\u00e9couvrez vite nos \u00e9tablissements.","_seopress_robots_index":"","site-sidebar-layout":"no-sidebar","site-content-layout":"page-builder","ast-site-content-layout":"full-width-container","site-content-style":"unboxed","site-sidebar-style":"unboxed","ast-global-header-display":"","ast-banner-title-visibility":"","ast-main-header-display":"","ast-hfb-above-header-display":"","ast-hfb-below-header-display":"","ast-hfb-mobile-header-display":"","site-post-title":"disabled","ast-breadcrumbs-content":"","ast-featured-img":"disabled","footer-sml-layout":"","ast-disable-related-posts":"","theme-transparent-header-meta":"","adv-header-id-meta":"","stick-header-meta":"","header-above-stick-meta":"","header-main-stick-meta":"","header-below-stick-meta":"","astra-migrate-meta-layouts":"set","ast-page-background-enabled":"default","ast-page-background-meta":{"desktop":{"background-color":"var(--ast-global-color-4)","background-image":"","background-repeat":"repeat","background-position":"center center","background-size":"auto","background-attachment":"scroll","background-type":"","background-media":"","overlay-type":"","overlay-color":"","overlay-opacity":"","overlay-gradient":""},"tablet":{"background-color":"","background-image":"","background-repeat":"repeat","background-position":"center center","background-size":"auto","background-attachment":"scroll","background-type":"","background-media":"","overlay-type":"","overlay-color":"","overlay-opacity":"","overlay-gradient":""},"mobile":{"background-color":"","background-image":"","background-repeat":"repeat","background-position":"center center","background-size":"auto","background-attachment":"scroll","background-type":"","background-media":"","overlay-type":"","overlay-color":"","overlay-opacity":"","overlay-gradient":""}},"ast-content-background-meta":{"desktop":{"background-color":"var(--ast-global-color-5)","background-image":"","background-repeat":"repeat","background-position":"center center","background-size":"auto","background-attachment":"scroll","background-type":"","background-media":"","overlay-type":"","overlay-color":"","overlay-opacity":"","overlay-gradient":""},"tablet":{"background-color":"var(--ast-global-color-5)","background-image":"","background-repeat":"repeat","background-position":"center center","background-size":"auto","background-attachment":"scroll","background-type":"","background-media":"","overlay-type":"","overlay-color":"","overlay-opacity":"","overlay-gradient":""},"mobile":{"background-color":"var(--ast-global-color-5)","background-image":"","background-repeat":"repeat","background-position":"center center","background-size":"auto","background-attachment":"scroll","background-type":"","background-media":"","overlay-type":"","overlay-color":"","overlay-opacity":"","overlay-gradient":""}},"footnotes":""},"class_list":["post-17","page","type-page","status-publish","has-post-thumbnail","hentry"],"_links":{"self":[{"href":"https:\/\/anthouard.fr\/en\/wp-json\/wp\/v2\/pages\/17","targetHints":{"allow":["GET"]}}],"collection":[{"href":"https:\/\/anthouard.fr\/en\/wp-json\/wp\/v2\/pages"}],"about":[{"href":"https:\/\/anthouard.fr\/en\/wp-json\/wp\/v2\/types\/page"}],"author":[{"embeddable":true,"href":"https:\/\/anthouard.fr\/en\/wp-json\/wp\/v2\/users\/3"}],"replies":[{"embeddable":true,"href":"https:\/\/anthouard.fr\/en\/wp-json\/wp\/v2\/comments?post=17"}],"version-history":[{"count":148,"href":"https:\/\/anthouard.fr\/en\/wp-json\/wp\/v2\/pages\/17\/revisions"}],"predecessor-version":[{"id":12258,"href":"https:\/\/anthouard.fr\/en\/wp-json\/wp\/v2\/pages\/17\/revisions\/12258"}],"wp:featuredmedia":[{"embeddable":true,"href":"https:\/\/anthouard.fr\/en\/wp-json\/wp\/v2\/media\/11362"}],"wp:attachment":[{"href":"https:\/\/anthouard.fr\/en\/wp-json\/wp\/v2\/media?parent=17"}],"curies":[{"name":"wp","href":"https:\/\/api.w.org\/{rel}","templated":true}]}}